{"id":922,"date":"2021-09-17T14:45:52","date_gmt":"2021-09-17T12:45:52","guid":{"rendered":"https:\/\/doria.de\/doaria-a-z\/"},"modified":"2024-09-13T21:04:20","modified_gmt":"2024-09-13T19:04:20","slug":"doaria-a-z","status":"publish","type":"page","link":"https:\/\/doria.de\/en\/doaria-a-z\/","title":{"rendered":"Doaria A-Z"},"content":{"rendered":"<p><a>Arrival\/Departure or Check-in\/Check-out<\/a><\/p>\n<p>The rooms are ready for occupancy from 15:00.<\/p>\n<p>On the day of departure, we kindly ask you to vacate the room by 11:00 a.m. and to hand in the room key at the reception. If you would like to leave before 7:00 a.m., please settle your bill by 8:00 p.m. the day before.<\/p>\n<p><a>Allergy sufferers<\/a><\/p>\n<p>Please contact reception (tel. 8) if you need special bedding or are dependent on certain foods.<\/p>\n<p><a>Pharmacy<\/a><\/p>\n<p>The nearest pharmacy (Europa-Apotheke) is opposite the hotel (Tel. 0211-496910).<\/p>\n<p><a>Doctor<\/a><\/p>\n<p>Outside normal opening hours:<\/p>\n<p>Emergency practice D\u00fcsseldorf, Florastra\u00dfe 38, 40217 D\u00fcsseldorf, Tel. 0211-9867555.<\/p>\n<p>During normal opening hours:<\/p>\n<p>Speak to us at reception or contact:<\/p>\n<p>Dr. Schaudig, Duisburger Str. 25, tel. 0211-490071.<\/p>\n<p><a>Lift<\/a><\/p>\n<p>There is a lift in the main building. Please do not use the lift in case of fire for safety reasons. There is no lift in the Dependance.<\/p>\n<p><a>Exhibitions etc.<\/a><\/p>\n<p>Current information is available at the reception (Tel. 8).<\/p>\n<p><a>Bar<\/a><\/p>\n<p>Our cosy hotel bar is at your disposal around the clock.<\/p>\n<p><a>Duvets\/Pillows <\/a><\/p>\n<p>Would you like an extra duvet\/pillow? Please contact the reception (tel. 8).<\/p>\n<p><a>Ironing Board and Iron<\/a><\/p>\n<p>Please report to the reception (Tel.8). We have an extra ironing room for this purpose.<\/p>\n<p><a>Fire<\/a><\/p>\n<p>In case of fire, a loud siren will sound. In this case, please contact the reception (tel. 8) immediately.<\/p>\n<p><a>Emergency Exits<\/a><\/p>\n<p>In each room there is a plan of the emergency exits and escape routes in case of fire. Please look carefully at the escape routes. Never use the lift in the event of an accident.<\/p>\n<p><a>Photocopies \/ Scanning<\/a><\/p>\n<p>Possibility at the reception (tel. 8).<\/p>\n<p><a>Leisure<\/a><\/p>\n<p>In our foyer we have various flyers and brochures with information about D\u00fcsseldorf.<\/p>\n<p><a>Hairdresser<\/a><\/p>\n<p>There are several hairdressing salons in the immediate vicinity of the hotel. Please contact the reception (tel. 8).<\/p>\n<p><a>Breakfast<\/a><\/p>\n<p>A rich breakfast awaits you in our breakfast room in the main house on the 1st floor.<\/p>\n<p>Mondays \u2013 Fridays from 07:00 to 10:00.<\/p>\n<p>Saturdays and Sundays from 07:00 \u2013 10:00.<\/p>\n<p><a>TV Channels<\/a><\/p>\n<table width=\"648\">\n<tbody>\n<tr>\n<td width=\"115\"><strong>Number<\/strong><\/td>\n<td width=\"186\"><strong>Channel<\/strong><\/td>\n<td width=\"115\"><strong>Number<\/strong><\/td>\n<td width=\"232\"><strong>Channel<\/strong><\/td>\n<\/tr>\n<tr>\n<td width=\"115\">1<\/td>\n<td width=\"186\">ARD\u00a0 HD<\/td>\n<td width=\"115\">45<\/td>\n<td width=\"232\">BVN TV<\/td>\n<\/tr>\n<tr>\n<td width=\"115\">2<\/td>\n<td width=\"186\">ZDF HD<\/td>\n<td width=\"115\">46<\/td>\n<td width=\"232\">Russia Today<\/td>\n<\/tr>\n<tr>\n<td width=\"115\">3<\/td>\n<td width=\"186\">WDR K\u00f6ln<\/td>\n<td width=\"115\">47<\/td>\n<td width=\"232\">CCTV F<\/td>\n<\/tr>\n<tr>\n<td width=\"115\">4<\/td>\n<td width=\"186\">3 Sat<\/td>\n<td width=\"115\">48<\/td>\n<td width=\"232\">CCTV News<\/td>\n<\/tr>\n<tr>\n<td width=\"115\">5<\/td>\n<td width=\"186\">Arte HD<\/td>\n<td width=\"115\">49<\/td>\n<td width=\"232\">CCTV9 Documentary<\/td>\n<\/tr>\n<tr>\n<td width=\"115\">6<\/td>\n<td width=\"186\">RTL<\/td>\n<td width=\"115\">50<\/td>\n<td width=\"232\">Algerie 3<\/td>\n<\/tr>\n<tr>\n<td width=\"115\">7<\/td>\n<td width=\"186\">Sat 1<\/td>\n<td width=\"115\">51<\/td>\n<td width=\"232\">ARD -Alpha<\/td>\n<\/tr>\n<tr>\n<td width=\"115\">8<\/td>\n<td width=\"186\">Pro Sieben<\/td>\n<td width=\"115\">52<\/td>\n<td width=\"232\">Kabel Eins Doku<\/td>\n<\/tr>\n<tr>\n<td width=\"115\">9<\/td>\n<td width=\"186\">VOX<\/td>\n<td width=\"115\">53<\/td>\n<td width=\"232\">Pro7 MAXX<\/td>\n<\/tr>\n<tr>\n<td width=\"115\">10<\/td>\n<td width=\"186\">RTL 2<\/td>\n<td width=\"115\">54<\/td>\n<td width=\"232\">rbb Berlin<\/td>\n<\/tr>\n<tr>\n<td width=\"115\">11<\/td>\n<td width=\"186\">Kabel Eins<\/td>\n<td width=\"115\">55<\/td>\n<td width=\"232\">RTL Nitro<\/td>\n<\/tr>\n<tr>\n<td width=\"115\">12<\/td>\n<td width=\"186\">Tele 5<\/td>\n<td width=\"115\">56<\/td>\n<td width=\"232\">RTLplus<\/td>\n<\/tr>\n<tr>\n<td width=\"115\">13<\/td>\n<td width=\"186\">Super RTL<\/td>\n<td width=\"115\">57<\/td>\n<td width=\"232\">SAT.1 Gold<\/td>\n<\/tr>\n<tr>\n<td width=\"115\">14<\/td>\n<td width=\"186\">KIKA<\/td>\n<td width=\"115\">58<\/td>\n<td width=\"232\">SR Fernsehen<\/td>\n<\/tr>\n<tr>\n<td width=\"115\">15<\/td>\n<td width=\"186\">Sport 1<\/td>\n<td width=\"115\">59<\/td>\n<td width=\"232\">Dkultur<\/td>\n<\/tr>\n<tr>\n<td width=\"115\">16<\/td>\n<td width=\"186\">Eurosport Deutschland<\/td>\n<td width=\"115\">60<\/td>\n<td width=\"232\">DLF<\/td>\n<\/tr>\n<tr>\n<td width=\"115\">17<\/td>\n<td width=\"186\">ONE<\/td>\n<td width=\"115\">61<\/td>\n<td width=\"232\">Dradio Dok Deb<\/td>\n<\/tr>\n<tr>\n<td width=\"115\">18<\/td>\n<td width=\"186\">Phoenix<\/td>\n<td width=\"115\">62<\/td>\n<td width=\"232\">Dradio Wissen<\/td>\n<\/tr>\n<tr>\n<td width=\"115\">19<\/td>\n<td width=\"186\">Tagesschau 24<\/td>\n<td width=\"115\">63<\/td>\n<td width=\"232\">RNE Radio 1<\/td>\n<\/tr>\n<tr>\n<td width=\"115\">20<\/td>\n<td width=\"186\">ZDF info<\/td>\n<td width=\"115\">64<\/td>\n<td width=\"232\">RNE Radio 3<\/td>\n<\/tr>\n<tr>\n<td width=\"115\">21<\/td>\n<td width=\"186\">ZDF neo HD<\/td>\n<td width=\"115\">65<\/td>\n<td width=\"232\">RNE Radio 4<\/td>\n<\/tr>\n<tr>\n<td width=\"115\">22<\/td>\n<td width=\"186\">MDR S-Anhalt<\/td>\n<td width=\"115\">66<\/td>\n<td width=\"232\">RNE Radio 5<\/td>\n<\/tr>\n<tr>\n<td width=\"115\">23<\/td>\n<td width=\"186\">NDR FS HH<\/td>\n<td width=\"115\">67<\/td>\n<td width=\"232\">RNE Radio Clasica<\/td>\n<\/tr>\n<tr>\n<td width=\"115\">24<\/td>\n<td width=\"186\">SWR Fernsehen BW HD<\/td>\n<td width=\"115\">68<\/td>\n<td width=\"232\">RNE Radio Exterior de Espana<\/td>\n<\/tr>\n<tr>\n<td width=\"115\">25<\/td>\n<td width=\"186\">HR Fernsehen<\/td>\n<td width=\"115\">69<\/td>\n<td width=\"232\">radioBERLIN 88,8<\/td>\n<\/tr>\n<tr>\n<td width=\"115\">26<\/td>\n<td width=\"186\">BR Fernsehen S\u00fcd<\/td>\n<td width=\"115\">70<\/td>\n<td width=\"232\">Antenne Brandenburg<\/td>\n<\/tr>\n<tr>\n<td width=\"115\">27<\/td>\n<td width=\"186\">DMAX<\/td>\n<td width=\"115\">71<\/td>\n<td width=\"232\">Bayern 1<\/td>\n<\/tr>\n<tr>\n<td width=\"115\">28<\/td>\n<td width=\"186\">n-tv<\/td>\n<td width=\"115\">72<\/td>\n<td width=\"232\">BR-KLASSIK<\/td>\n<\/tr>\n<tr>\n<td width=\"115\">29<\/td>\n<td width=\"186\">N24<\/td>\n<td width=\"115\">73<\/td>\n<td width=\"232\">Bremen Eins<\/td>\n<\/tr>\n<tr>\n<td width=\"115\">30<\/td>\n<td width=\"186\">DW<\/td>\n<td width=\"115\">74<\/td>\n<td width=\"232\">hr-iNFO<\/td>\n<\/tr>\n<tr>\n<td width=\"115\">31<\/td>\n<td width=\"186\">DW Arabia 2<\/td>\n<td width=\"115\">75<\/td>\n<td width=\"232\">hr1<\/td>\n<\/tr>\n<tr>\n<td width=\"115\">32<\/td>\n<td width=\"186\">CNN Int.<\/td>\n<td width=\"115\">76<\/td>\n<td width=\"232\">Kulturradio<\/td>\n<\/tr>\n<tr>\n<td width=\"115\">33<\/td>\n<td width=\"186\">BBC World<\/td>\n<td width=\"115\">77<\/td>\n<td width=\"232\">MDR AKTUELL<\/td>\n<\/tr>\n<tr>\n<td width=\"115\">34<\/td>\n<td width=\"186\">Bloomberg Europe TV<\/td>\n<td width=\"115\">78<\/td>\n<td width=\"232\">MDR KULTUR<\/td>\n<\/tr>\n<tr>\n<td width=\"115\">35<\/td>\n<td width=\"186\">CNBC Europe<\/td>\n<td width=\"115\">79<\/td>\n<td width=\"232\">N-JOY<\/td>\n<\/tr>\n<tr>\n<td width=\"115\">36<\/td>\n<td width=\"186\">Al Jazeera English<\/td>\n<td width=\"115\">80<\/td>\n<td width=\"232\">NDR 1 Nieders.<\/td>\n<\/tr>\n<tr>\n<td width=\"115\">37<\/td>\n<td width=\"186\">RAI News 24<\/td>\n<td width=\"115\">81<\/td>\n<td width=\"232\">SWR3<\/td>\n<\/tr>\n<tr>\n<td width=\"115\">38<\/td>\n<td width=\"186\">Euro News<\/td>\n<td width=\"115\">82<\/td>\n<td width=\"232\">1LIVE<\/td>\n<\/tr>\n<tr>\n<td width=\"115\">39<\/td>\n<td width=\"186\">TV5 Monde Europe<\/td>\n<td width=\"115\">83<\/td>\n<td width=\"232\">WDR 2<\/td>\n<\/tr>\n<tr>\n<td width=\"115\">40<\/td>\n<td width=\"186\">France 24<\/td>\n<td width=\"115\">84<\/td>\n<td width=\"232\">WDR 3<\/td>\n<\/tr>\n<tr>\n<td width=\"115\">41<\/td>\n<td width=\"186\">France 24 (English)<\/td>\n<td width=\"115\">85<\/td>\n<td width=\"232\">WDR 4<\/td>\n<\/tr>\n<tr>\n<td width=\"115\">42<\/td>\n<td width=\"186\">France 24 (Arabic)<\/td>\n<td width=\"115\">86<\/td>\n<td width=\"232\">WDR 5<\/td>\n<\/tr>\n<tr>\n<td width=\"115\">43<\/td>\n<td width=\"186\">\u00a0TVE International Europa<\/td>\n<td width=\"115\">87<\/td>\n<td width=\"232\">WDR Funkhaus Europa<\/td>\n<\/tr>\n<tr>\n<td width=\"115\">44<\/td>\n<td width=\"186\">\u00a0Canal 24 horas<\/td>\n<td width=\"115\"><\/td>\n<td width=\"232\"><\/td>\n<\/tr>\n<\/tbody>\n<\/table>\n<p><a>Garage <\/a><\/p>\n<p>See parking spaces<\/p>\n<p><a>Money and Valuables<\/a><\/p>\n<p>For insurance reasons, we kindly ask you not to leave any valuables, jewellery or money open in your room. We cannot be held liable for lost valuables in your room. Please use the safe in your room (adjoining building) or leave your valuables in the safe at the reception (main building).<\/p>\n<p><a>Luggage service<\/a><\/p>\n<p>If your suitcase is too heavy, we will be happy to help you. Just give us a call at reception (Tel. 8).<\/p>\n<p><a>Drinks<\/a><\/p>\n<p>Water, cola and wine, nuts and chocolate are in the room and in the minibar. Please fill in the minibar slip and hand it in at reception on your departure. The minibar is refilled daily. Other drinks are available in our bar next to the reception.<\/p>\n<p><a>Front Door\/Room Key<\/a><\/p>\n<p>Our reception is staffed mondays to fridays from 7am to 3pm. Please take the key with you all the time when leaving the house during your stay.<\/p>\n<p><a>Hotel<\/a><\/p>\n<p>The hotel has 44 rooms, 23 single and 21 double rooms. In the main house there are 27 of the rooms, the breakfast room (1st floor) and the reception. The annexe has 17 rooms.<\/p>\n<p><a>Dogs<\/a><\/p>\n<p>Please do not take your dog into the breakfast room.<\/p>\n<p><a>Hygiene Products<\/a><\/p>\n<p>Speak to us at reception. See toiletries.<\/p>\n<p><a>Internet \u2013 Wifi<\/a><\/p>\n<p>You can get Wifi free of charge at our hotel. You can get the access code at the reception (Tel.8).<\/p>\n<p><a>Pillows\/Blankets<\/a><\/p>\n<p>Would you like additional pillows\/blankets or allergy pillows or blankets? Please let the reception know (Tel.8).<\/p>\n<p><a>Credit Cards<\/a><\/p>\n<p>In addition to EC card payment, we accept VISA, EURO-\/MASTERCARD, American Express, Diners Club, JCB, Discovery.<\/p>\n<p><a>Chargers \/ Adapters on Request<\/a><\/p>\n<p>We have a small selection of chargers available at reception (tel. 8).<\/p>\n<p><a>Night Entrance<\/a><\/p>\n<p>The entrance door is locked at night. The bell (night bell) is located on the right side of the main entrance. The night porter will open the door for you.<\/p>\n<p><a>Sewing Service<\/a><\/p>\n<p>Button off? \u2013 No problem. You will usually find someone in our house who can help you. For larger repairs, we can recommend a nearby tailor.<\/p>\n<p><a>Emergency Exits<\/a><\/p>\n<p>Please note the information on your room door.<\/p>\n<p><a>Public transport<\/a><\/p>\n<p>There are numerous bus stops in the immediate vicinity of the hotel. Information and timetables are available at the reception (Tel. 8).<\/p>\n<p>Trade fair \/ city centre<\/p>\n<p>Messe Nord entrance: U78, direction \u201cMesse\/Merkur Arena\u201d, from the \u201cNordstra\u00dfe\u201d stop.<br \/>\nMesse Ost entrance: Bus 722 in the direction of \u201cMesse-Kongresszentrum\u201d, from the \u201cVenloerstra\u00dfe\u201d stop to \u201cMesse Ost\u201d or \u201cMesse-Kongresszentrum\u201d.<br \/>\nCity centre and main station: U78, direction \u201cD\u00fcsseldorf Hauptbahnhof\u201d or U79, direction \u201cD\u00fcsseldorf-Universit\u00e4t\u201d, from stop \u201cNordstra\u00dfe\u201d to \u201cHeinrich-Heine-Allee\u201d or \u201cD\u00fcsseldorf Hauptbahnhof\u201d.<br \/>\nBus 721 from stop \u201cM\u00fcnsterstra\u00dfe-Feuerwache\u201d to terminal stop \u201cD\u00fcsseldorf Flughafen-Terminal A\/B\/C.\u201d. (journey time 15 minutes). The bus stop is 600m away from the hotel.<\/p>\n<p><a>Parking Spaces<\/a><\/p>\n<p>We offer parking spaces in the neighbouring multi-storey car park Nordstra\u00dfe at a special price of 11.00 \u20ac\/night or 45.00 \u20ac\/week, payable on departure at the hotel. The multi-storey car park is approx. 300m from the hotel. The reception (Tel. 8) will be happy to help you.<\/p>\n<p><a>Mail<\/a><\/p>\n<p>The letterbox is located directly in front of the hotel. You can buy stamps at the reception.<\/p>\n<p><a>Smoking <\/a><\/p>\n<p>Our entire hotel is non-smoking.<\/p>\n<p><a>Smoke Detector<\/a><\/p>\n<p>Our hotel is equipped with smoke detectors. If the smoke detectors sound an alarm, please report it to us immediately (Tel. 8).<\/p>\n<p><a>Cleaning\/Chemical Cleaning<\/a><\/p>\n<p>Cleaning:<\/p>\n<p>There are laundry bags in your wardrobe for the laundry to be handed in at reception. Please refer to the list for prices.<\/p>\n<p>If you hand in your laundry at reception by 09:00 on weekdays, you will receive it back one day later during the day. We are unable to offer this service at weekends. The hotel is not responsible for shrinkage, discolouration or if items are not colour fast.<\/p>\n<p>Dry cleaning:<\/p>\n<p>There are laundry bags in your wardrobe for laundry to be dropped off at reception. Please refer to the list for prices.<\/p>\n<p>If you hand in your laundry at reception by 09:00 on weekdays, it will be returned to you the following day. We are unable to offer this service at weekends. The hotel is not liable for shrinkage, discolouration or if the items are not colourfast.<\/p>\n<p><a>Umbrellas<\/a><\/p>\n<p>You can borrow umbrellas free of charge at the reception. In the interest of the other guests, please return the umbrellas after use.<\/p>\n<p><a>Reception<\/a><\/p>\n<p>Our reception is staffed monday to fridays from 7am to 3pm. You can reach the reception from your room by telephone on \u201c8\u201d.<\/p>\n<p><a>Safe<\/a><\/p>\n<p>The rooms in the annexe have an electric safe in the wardrobe, which can be locked with a number code (see instructions). In the main house you can leave your valuables at the reception.<\/p>\n<p><a>Shoe Polish Machine<\/a><\/p>\n<p>Please use the shoe polish machine in the main building (2nd floor) to the left of the lift door.<\/p>\n<p><a>Taxi<\/a><\/p>\n<p>The reception desk (tel. 8) will be happy to take your advance order.<\/p>\n<p><a>Phone\/Fax<\/a><\/p>\n<p>Telephone number: +49 (0)211 499192<\/p>\n<p>Fax number: +49 (0)211 4910402<\/p>\n<p>For security reasons, it is not possible to have someone call you directly in your room.<\/p>\n<p>We will take your incoming calls at reception and then gladly connect you to your room. If you tell your caller your room number, we can put the call through at short notice. You can reach reception under the number \u201c8\u201d.<\/p>\n<p>For outgoing calls, please dial \u201c0\u201d for an extension.<\/p>\n<p><a>Toiletries<\/a><\/p>\n<p>Have you forgotten your comb, toothbrush or other hygiene items? No problem. We have these items ready for you at the reception (tel. 8).<\/p>\n<p><a>Wake-Up Call <\/a><\/p>\n<p>We will be happy to wake you up. Please inform the reception (Tel. 8) of your wake-up wish.<\/p>\n<p><a>Linen Change<\/a><\/p>\n<p>The bed linen is changed every three days. Would you like the bed linen to be changed more frequently? Please contact us (Tel. 8).<\/p>\n<p><a>Valuables<\/a><\/p>\n<p>Please keep your money and jewellery either in your room safe or put them in the safe at reception.<\/p>\n<p><a>Newspapers and Magazines<\/a><\/p>\n<p>A selection of daily newspapers is available free of charge at reception and in the breakfast room. A selection of magazines is also available at the reception.<\/p>\n","protected":false},"excerpt":{"rendered":"<p>Arrival\/Departure or Check-in\/Check-out The rooms are ready for occupancy from 15:00. On the day of departure, we kindly ask you to vacate the room by 11:00 a.m. and to hand in the room key at the reception. If you would like to leave before 7:00 a.m., please settle your bill by 8:00 p.m. the day [&hellip;]<\/p>\n","protected":false},"author":1,"featured_media":677,"parent":0,"menu_order":0,"comment_status":"closed","ping_status":"closed","template":"","meta":{"footnotes":""},"class_list":["post-922","page","type-page","status-publish","has-post-thumbnail","hentry"],"yoast_head":"<!-- This site is optimized with the Yoast SEO plugin v27.3 - https:\/\/yoast.com\/product\/yoast-seo-wordpress\/ -->\n<title>Doaria A-Z &#8226; Hotel Doria<\/title>\n<meta name=\"robots\" content=\"index, follow, max-snippet:-1, max-image-preview:large, max-video-preview:-1\" \/>\n<link rel=\"canonical\" href=\"https:\/\/doria.de\/en\/doaria-a-z\/\" \/>\n<meta property=\"og:locale\" content=\"en_US\" \/>\n<meta property=\"og:type\" content=\"article\" \/>\n<meta property=\"og:title\" content=\"Doaria A-Z &#8226; Hotel Doria\" \/>\n<meta property=\"og:description\" content=\"Arrival\/Departure or Check-in\/Check-out The rooms are ready for occupancy from 15:00. On the day of departure, we kindly ask you to vacate the room by 11:00 a.m. and to hand in the room key at the reception. If you would like to leave before 7:00 a.m., please settle your bill by 8:00 p.m. the day [&hellip;]\" \/>\n<meta property=\"og:url\" content=\"https:\/\/doria.de\/en\/doaria-a-z\/\" \/>\n<meta property=\"og:site_name\" content=\"Hotel Doria\" \/>\n<meta property=\"article:modified_time\" content=\"2024-09-13T19:04:20+00:00\" \/>\n<meta property=\"og:image\" content=\"https:\/\/doria.de\/wp-content\/uploads\/2021\/07\/a-z.jpg\" \/>\n\t<meta property=\"og:image:width\" content=\"1920\" \/>\n\t<meta property=\"og:image:height\" content=\"598\" \/>\n\t<meta property=\"og:image:type\" content=\"image\/jpeg\" \/>\n<meta name=\"twitter:card\" content=\"summary_large_image\" \/>\n<meta name=\"twitter:label1\" content=\"Est. reading time\" \/>\n\t<meta name=\"twitter:data1\" content=\"10 minutes\" \/>\n<script type=\"application\/ld+json\" class=\"yoast-schema-graph\">{\"@context\":\"https:\\\/\\\/schema.org\",\"@graph\":[{\"@type\":\"WebPage\",\"@id\":\"https:\\\/\\\/doria.de\\\/en\\\/doaria-a-z\\\/\",\"url\":\"https:\\\/\\\/doria.de\\\/en\\\/doaria-a-z\\\/\",\"name\":\"Doaria A-Z &#8226; Hotel Doria\",\"isPartOf\":{\"@id\":\"https:\\\/\\\/doria.de\\\/en\\\/#website\"},\"primaryImageOfPage\":{\"@id\":\"https:\\\/\\\/doria.de\\\/en\\\/doaria-a-z\\\/#primaryimage\"},\"image\":{\"@id\":\"https:\\\/\\\/doria.de\\\/en\\\/doaria-a-z\\\/#primaryimage\"},\"thumbnailUrl\":\"https:\\\/\\\/doria.de\\\/wp-content\\\/uploads\\\/2021\\\/07\\\/a-z.jpg\",\"datePublished\":\"2021-09-17T12:45:52+00:00\",\"dateModified\":\"2024-09-13T19:04:20+00:00\",\"breadcrumb\":{\"@id\":\"https:\\\/\\\/doria.de\\\/en\\\/doaria-a-z\\\/#breadcrumb\"},\"inLanguage\":\"en-US\",\"potentialAction\":[{\"@type\":\"ReadAction\",\"target\":[\"https:\\\/\\\/doria.de\\\/en\\\/doaria-a-z\\\/\"]}]},{\"@type\":\"ImageObject\",\"inLanguage\":\"en-US\",\"@id\":\"https:\\\/\\\/doria.de\\\/en\\\/doaria-a-z\\\/#primaryimage\",\"url\":\"https:\\\/\\\/doria.de\\\/wp-content\\\/uploads\\\/2021\\\/07\\\/a-z.jpg\",\"contentUrl\":\"https:\\\/\\\/doria.de\\\/wp-content\\\/uploads\\\/2021\\\/07\\\/a-z.jpg\",\"width\":1920,\"height\":598},{\"@type\":\"BreadcrumbList\",\"@id\":\"https:\\\/\\\/doria.de\\\/en\\\/doaria-a-z\\\/#breadcrumb\",\"itemListElement\":[{\"@type\":\"ListItem\",\"position\":1,\"name\":\"Startseite\",\"item\":\"https:\\\/\\\/doria.de\\\/en\\\/homepage\\\/\"},{\"@type\":\"ListItem\",\"position\":2,\"name\":\"Doaria A-Z\"}]},{\"@type\":\"WebSite\",\"@id\":\"https:\\\/\\\/doria.de\\\/en\\\/#website\",\"url\":\"https:\\\/\\\/doria.de\\\/en\\\/\",\"name\":\"Hotel Doria\",\"description\":\"Eine weitere WordPress-Website\",\"potentialAction\":[{\"@type\":\"SearchAction\",\"target\":{\"@type\":\"EntryPoint\",\"urlTemplate\":\"https:\\\/\\\/doria.de\\\/en\\\/?s={search_term_string}\"},\"query-input\":{\"@type\":\"PropertyValueSpecification\",\"valueRequired\":true,\"valueName\":\"search_term_string\"}}],\"inLanguage\":\"en-US\"}]}<\/script>\n<!-- \/ Yoast SEO plugin. -->","yoast_head_json":{"title":"Doaria A-Z &#8226; Hotel Doria","robots":{"index":"index","follow":"follow","max-snippet":"max-snippet:-1","max-image-preview":"max-image-preview:large","max-video-preview":"max-video-preview:-1"},"canonical":"https:\/\/doria.de\/en\/doaria-a-z\/","og_locale":"en_US","og_type":"article","og_title":"Doaria A-Z &#8226; Hotel Doria","og_description":"Arrival\/Departure or Check-in\/Check-out The rooms are ready for occupancy from 15:00. On the day of departure, we kindly ask you to vacate the room by 11:00 a.m. and to hand in the room key at the reception. If you would like to leave before 7:00 a.m., please settle your bill by 8:00 p.m. the day [&hellip;]","og_url":"https:\/\/doria.de\/en\/doaria-a-z\/","og_site_name":"Hotel Doria","article_modified_time":"2024-09-13T19:04:20+00:00","og_image":[{"width":1920,"height":598,"url":"https:\/\/doria.de\/wp-content\/uploads\/2021\/07\/a-z.jpg","type":"image\/jpeg"}],"twitter_card":"summary_large_image","twitter_misc":{"Est. reading time":"10 minutes"},"schema":{"@context":"https:\/\/schema.org","@graph":[{"@type":"WebPage","@id":"https:\/\/doria.de\/en\/doaria-a-z\/","url":"https:\/\/doria.de\/en\/doaria-a-z\/","name":"Doaria A-Z &#8226; Hotel Doria","isPartOf":{"@id":"https:\/\/doria.de\/en\/#website"},"primaryImageOfPage":{"@id":"https:\/\/doria.de\/en\/doaria-a-z\/#primaryimage"},"image":{"@id":"https:\/\/doria.de\/en\/doaria-a-z\/#primaryimage"},"thumbnailUrl":"https:\/\/doria.de\/wp-content\/uploads\/2021\/07\/a-z.jpg","datePublished":"2021-09-17T12:45:52+00:00","dateModified":"2024-09-13T19:04:20+00:00","breadcrumb":{"@id":"https:\/\/doria.de\/en\/doaria-a-z\/#breadcrumb"},"inLanguage":"en-US","potentialAction":[{"@type":"ReadAction","target":["https:\/\/doria.de\/en\/doaria-a-z\/"]}]},{"@type":"ImageObject","inLanguage":"en-US","@id":"https:\/\/doria.de\/en\/doaria-a-z\/#primaryimage","url":"https:\/\/doria.de\/wp-content\/uploads\/2021\/07\/a-z.jpg","contentUrl":"https:\/\/doria.de\/wp-content\/uploads\/2021\/07\/a-z.jpg","width":1920,"height":598},{"@type":"BreadcrumbList","@id":"https:\/\/doria.de\/en\/doaria-a-z\/#breadcrumb","itemListElement":[{"@type":"ListItem","position":1,"name":"Startseite","item":"https:\/\/doria.de\/en\/homepage\/"},{"@type":"ListItem","position":2,"name":"Doaria A-Z"}]},{"@type":"WebSite","@id":"https:\/\/doria.de\/en\/#website","url":"https:\/\/doria.de\/en\/","name":"Hotel Doria","description":"Eine weitere WordPress-Website","potentialAction":[{"@type":"SearchAction","target":{"@type":"EntryPoint","urlTemplate":"https:\/\/doria.de\/en\/?s={search_term_string}"},"query-input":{"@type":"PropertyValueSpecification","valueRequired":true,"valueName":"search_term_string"}}],"inLanguage":"en-US"}]}},"_links":{"self":[{"href":"https:\/\/doria.de\/en\/wp-json\/wp\/v2\/pages\/922","targetHints":{"allow":["GET"]}}],"collection":[{"href":"https:\/\/doria.de\/en\/wp-json\/wp\/v2\/pages"}],"about":[{"href":"https:\/\/doria.de\/en\/wp-json\/wp\/v2\/types\/page"}],"author":[{"embeddable":true,"href":"https:\/\/doria.de\/en\/wp-json\/wp\/v2\/users\/1"}],"replies":[{"embeddable":true,"href":"https:\/\/doria.de\/en\/wp-json\/wp\/v2\/comments?post=922"}],"version-history":[{"count":4,"href":"https:\/\/doria.de\/en\/wp-json\/wp\/v2\/pages\/922\/revisions"}],"predecessor-version":[{"id":1112,"href":"https:\/\/doria.de\/en\/wp-json\/wp\/v2\/pages\/922\/revisions\/1112"}],"wp:featuredmedia":[{"embeddable":true,"href":"https:\/\/doria.de\/en\/wp-json\/wp\/v2\/media\/677"}],"wp:attachment":[{"href":"https:\/\/doria.de\/en\/wp-json\/wp\/v2\/media?parent=922"}],"curies":[{"name":"wp","href":"https:\/\/api.w.org\/{rel}","templated":true}]}}